{"id":111,"date":"2018-10-19T19:17:35","date_gmt":"2018-10-19T17:17:35","guid":{"rendered":"http:\/\/omneia-spirit.de\/imprint\/"},"modified":"2023-11-24T21:08:24","modified_gmt":"2023-11-24T20:08:24","slug":"imprint","status":"publish","type":"page","link":"https:\/\/www.omneia-fleet.com\/en\/imprint\/","title":{"rendered":"Imprint"},"content":{"rendered":"<p>[et_pb_section fb_built=&#8221;1&#8243; _builder_version=&#8221;4.16&#8243; global_colors_info=&#8221;{}&#8221;][et_pb_row _builder_version=&#8221;4.16&#8243; background_size=&#8221;initial&#8221; background_position=&#8221;top_left&#8221; background_repeat=&#8221;repeat&#8221; global_colors_info=&#8221;{}&#8221;][et_pb_column type=&#8221;4_4&#8243; _builder_version=&#8221;4.16&#8243; custom_padding=&#8221;|||&#8221; global_colors_info=&#8221;{}&#8221; custom_padding__hover=&#8221;|||&#8221;][et_pb_text _builder_version=&#8221;4.23.1&#8243; hover_enabled=&#8221;0&#8243; global_colors_info=&#8221;{}&#8221; sticky_enabled=&#8221;0&#8243;]<\/p>\n<div style=\"height: 20vh;\"><\/div>\n<p><strong>Omneia \u2013 Tauchen und Reisen<\/strong><\/p>\n<p>Kapitelstr. 14<br \/>\n51103 K\u00f6ln<\/p>\n<p>Telefon +49 (0221) 899 979 78<\/p>\n<p>Mobile: +49 (151) 27 01 98 49<br \/>\nE-Mail: <a href=\"mailto:info@omneia.de\">info@omneia.de<\/a><br \/>\nInternet: www.omneia.de und www.omneia-fleet.com<\/p>\n<p><strong>Inhaberin<\/strong><br \/>\nMonika Hofbauer<\/p>\n<p><strong>Umsatzsteuer-ID<\/strong> (gem\u00e4\u00df \u00a7 27 a Umsatzsteuergesetz)<br \/>\nDE815136546<\/p>\n<p>Alle auf dieser Website genannten Preise sind Endverbraucherpreise einschlie\u00dflich der gesetzlichen Umsatzsteuer.<\/p>\n<p><strong>Inhaltlich Verantwortliche<\/strong> (gem\u00e4\u00df \u00a7 10 Absatz 3 MDStV)<br \/>\nMonika Hofbauer<\/p>\n<p><strong>Versicherungen<\/strong> (gem\u00e4\u00df \u00a7 651 k BGB)<br \/>\nOmneia gibt Sicherungsscheine der tourVERS GmbH <a href=\"http:\/\/www.tourvers.de\">www.tourvers.de<\/a> unter der Vertragsnummer 1130422620 aus.<\/p>\n<p><strong>Website<\/strong><br \/>\nKonzeption und Entwicklung: Rainer Mohr<br \/>\n<a href=\"http:\/\/www.klemmkeil.de\" target=\"_blank\" rel=\"noopener\">www.klemmkeil.de <\/a><\/p>\n<p><strong>Haftungsausschluss<\/strong><br \/>\n<strong>Haftung f\u00fcr Inhalte<\/strong><br \/>\nDie Inhalte unserer Seiten wurden mit gr\u00f6\u00dfter Sorgfalt erstellt. F\u00fcr die Richtigkeit, Vollst\u00e4ndigkeit und Aktualit\u00e4t der Inhalte k\u00f6nnen wir jedoch keine Gew\u00e4hr \u00fcbernehmen.<br \/>\nAls Diensteanbieter sind wir gem\u00e4\u00df \u00a7 7 Abs.1 TMG f\u00fcr eigene Inhalte auf diesen Seiten nach den allgemeinen Gesetzen verantwortlich. Nach \u00a7\u00a7 8 bis 10 TMG sind wir als Diensteanbieter jedoch nicht verpflichtet, \u00fcbermittelte oder gespeicherte fremde Informationen zu \u00fcberwachen oder nach Umst\u00e4nden zu forschen, die auf eine rechtswidrige T\u00e4tigkeit hinweisen. Verpflichtungen zur Entfernung oder Sperrung der Nutzung von Informationen nach den allgemeinen Gesetzen bleiben hiervon unber\u00fchrt. Eine diesbez\u00fcgliche Haftung ist jedoch erst ab dem Zeitpunkt der Kenntnis einer konkreten Rechtsverletzung m\u00f6glich. Bei bekannt werden von entsprechenden Rechtsverletzungen werden wir diese Inhalte umgehend entfernen.<\/p>\n<p><strong>Haftung f\u00fcr Links<\/strong><br \/>\nUnser Angebot enth\u00e4lt Links zu externen Webseiten Dritter, auf deren Inhalte wir keinen Einfluss haben. Deshalb k\u00f6nnen wir f\u00fcr diese fremden Inhalte auch keine Gew\u00e4hr \u00fcbernehmen. F\u00fcr die Inhalte der verlinkten Seiten ist stets der jeweilige Anbieter oder Betreiber der Seiten verantwortlich. Die verlinkten Seiten wurden zum Zeitpunkt der Verlinkung auf m\u00f6gliche Rechtsverst\u00f6\u00dfe \u00fcberpr\u00fcft. Rechtswidrige Inhalte waren zum Zeitpunkt der Verlinkung nicht erkennbar. Eine permanente inhaltliche Kontrolle der verlinkten Seiten ist jedoch ohne konkrete Anhaltspunkte einer Rechtsverletzung nicht zumutbar. Bei Bekanntwerden von Rechtsverletzungen werden wir derartige Links umgehend entfernen.<\/p>\n<p><strong>Urheberrecht<\/strong><br \/>\nDie durch die Seitenbetreiber erstellten Inhalte und Werke auf diesen Seiten unterliegen dem deutschen Urheberrecht. Die Vervielf\u00e4ltigung, Bearbeitung, Verbreitung und jede Art der Verwertung au\u00dferhalb der Grenzen des Urheberrechtes bed\u00fcrfen der schriftlichen Zustimmung des jeweiligen Autors bzw. Erstellers. Downloads und Kopien dieser Seite sind nur f\u00fcr den privaten, nicht kommerziellen Gebrauch gestattet. Soweit die Inhalte auf dieser Seite nicht vom Betreiber erstellt wurden, werden die Urheberrechte Dritter beachtet. Insbesondere werden Inhalte Dritter als solche gekennzeichnet. Sollten Sie trotzdem auf eine Urheberrechtsverletzung aufmerksam werden, bitten wir um einen entsprechenden Hinweis. Bei Bekanntwerden von Rechtsverletzungen werden wir derartige Inhalte umgehend entfernen.<\/p>\n<p>(Omneia verwendet f\u00fcr den Haftungsausschluss die von Rechtsanwalt S\u00f6ren Siebert, www.eRecht24.de, zur Verf\u00fcgung gestellten Formulierungen.)[\/et_pb_text][\/et_pb_column][\/et_pb_row][\/et_pb_section]<\/p>\n","protected":false},"excerpt":{"rendered":"<p>Omneia \u2013 Tauchen und Reisen Kapitelstr. 14 51103 K\u00f6ln Telefon +49 (0221) 899 979 78 Mobile: +49 (151) 27 01 98 49 E-Mail: info@omneia.de Internet: www.omneia.de und www.omneia-fleet.com Inhaberin Monika Hofbauer Umsatzsteuer-ID (gem\u00e4\u00df \u00a7 27 a Umsatzsteuergesetz) DE815136546 Alle auf dieser Website genannten Preise sind Endverbraucherpreise einschlie\u00dflich der gesetzlichen Umsatzsteuer. Inhaltlich Verantwortliche (gem\u00e4\u00df \u00a7 10 [&hellip;]<\/p>\n","protected":false},"author":1,"featured_media":0,"parent":0,"menu_order":0,"comment_status":"closed","ping_status":"closed","template":"","meta":{"_et_pb_use_builder":"on","_et_pb_old_content":"","_et_gb_content_width":"","footnotes":""},"class_list":["post-111","page","type-page","status-publish","hentry"],"_links":{"self":[{"href":"https:\/\/www.omneia-fleet.com\/en\/wp-json\/wp\/v2\/pages\/111"}],"collection":[{"href":"https:\/\/www.omneia-fleet.com\/en\/wp-json\/wp\/v2\/pages"}],"about":[{"href":"https:\/\/www.omneia-fleet.com\/en\/wp-json\/wp\/v2\/types\/page"}],"author":[{"embeddable":true,"href":"https:\/\/www.omneia-fleet.com\/en\/wp-json\/wp\/v2\/users\/1"}],"replies":[{"embeddable":true,"href":"https:\/\/www.omneia-fleet.com\/en\/wp-json\/wp\/v2\/comments?post=111"}],"version-history":[{"count":13,"href":"https:\/\/www.omneia-fleet.com\/en\/wp-json\/wp\/v2\/pages\/111\/revisions"}],"predecessor-version":[{"id":647,"href":"https:\/\/www.omneia-fleet.com\/en\/wp-json\/wp\/v2\/pages\/111\/revisions\/647"}],"wp:attachment":[{"href":"https:\/\/www.omneia-fleet.com\/en\/wp-json\/wp\/v2\/media?parent=111"}],"curies":[{"name":"wp","href":"https:\/\/api.w.org\/{rel}","templated":true}]}}